{"id":313,"date":"2022-03-22T20:46:39","date_gmt":"2022-03-22T23:46:39","guid":{"rendered":"https:\/\/5strade.com\/site\/pt-br\/?page_id=313"},"modified":"2023-04-06T12:46:04","modified_gmt":"2023-04-06T15:46:04","slug":"politica-de-privacidade-3","status":"publish","type":"page","link":"https:\/\/5strade.com\/site\/pt-br\/?page_id=313","title":{"rendered":"Pol\u00edtica de Privacidade"},"content":{"rendered":"","protected":false},"excerpt":{"rendered":"<p>Somos uma empresa diversificada, com atua\u00e7\u00e3o em diferentes \u00e1reas de tecnologias, engenharias e servi\u00e7os, em especial para SA\u00daDE e MEIO AMBIENTE. <\/p>\n","protected":false},"author":1,"featured_media":0,"parent":0,"menu_order":0,"comment_status":"closed","ping_status":"closed","template":"","meta":[],"_links":{"self":[{"href":"https:\/\/5strade.com\/site\/pt-br\/index.php?rest_route=\/wp\/v2\/pages\/313"}],"collection":[{"href":"https:\/\/5strade.com\/site\/pt-br\/index.php?rest_route=\/wp\/v2\/pages"}],"about":[{"href":"https:\/\/5strade.com\/site\/pt-br\/index.php?rest_route=\/wp\/v2\/types\/page"}],"author":[{"embeddable":true,"href":"https:\/\/5strade.com\/site\/pt-br\/index.php?rest_route=\/wp\/v2\/users\/1"}],"replies":[{"embeddable":true,"href":"https:\/\/5strade.com\/site\/pt-br\/index.php?rest_route=%2Fwp%2Fv2%2Fcomments&post=313"}],"version-history":[{"count":1,"href":"https:\/\/5strade.com\/site\/pt-br\/index.php?rest_route=\/wp\/v2\/pages\/313\/revisions"}],"predecessor-version":[{"id":314,"href":"https:\/\/5strade.com\/site\/pt-br\/index.php?rest_route=\/wp\/v2\/pages\/313\/revisions\/314"}],"wp:attachment":[{"href":"https:\/\/5strade.com\/site\/pt-br\/index.php?rest_route=%2Fwp%2Fv2%2Fmedia&parent=313"}],"curies":[{"name":"wp","href":"https:\/\/api.w.org\/{rel}","templated":true}]}}