{"id":10,"date":"2018-12-27T12:22:11","date_gmt":"2018-12-27T12:22:11","guid":{"rendered":"https:\/\/themes.muffingroup.com\/be\/healthy\/?page_id=10"},"modified":"2023-04-06T12:46:04","modified_gmt":"2023-04-06T15:46:04","slug":"a-5s-trade","status":"publish","type":"page","link":"https:\/\/5strade.com\/site\/pt-br\/?page_id=10","title":{"rendered":"A 5S Trade"},"content":{"rendered":"","protected":false},"excerpt":{"rendered":"<p>Somos uma empresa diversificada, com atua\u00e7\u00e3o em diferentes \u00e1reas de tecnologias, engenharias e servi\u00e7os, em especial para SA\u00daDE e MEIO AMBIENTE. <\/p>\n","protected":false},"author":2,"featured_media":0,"parent":0,"menu_order":0,"comment_status":"closed","ping_status":"closed","template":"","meta":[],"_links":{"self":[{"href":"https:\/\/5strade.com\/site\/pt-br\/index.php?rest_route=\/wp\/v2\/pages\/10"}],"collection":[{"href":"https:\/\/5strade.com\/site\/pt-br\/index.php?rest_route=\/wp\/v2\/pages"}],"about":[{"href":"https:\/\/5strade.com\/site\/pt-br\/index.php?rest_route=\/wp\/v2\/types\/page"}],"author":[{"embeddable":true,"href":"https:\/\/5strade.com\/site\/pt-br\/index.php?rest_route=\/wp\/v2\/users\/2"}],"replies":[{"embeddable":true,"href":"https:\/\/5strade.com\/site\/pt-br\/index.php?rest_route=%2Fwp%2Fv2%2Fcomments&post=10"}],"version-history":[{"count":3,"href":"https:\/\/5strade.com\/site\/pt-br\/index.php?rest_route=\/wp\/v2\/pages\/10\/revisions"}],"predecessor-version":[{"id":86,"href":"https:\/\/5strade.com\/site\/pt-br\/index.php?rest_route=\/wp\/v2\/pages\/10\/revisions\/86"}],"wp:attachment":[{"href":"https:\/\/5strade.com\/site\/pt-br\/index.php?rest_route=%2Fwp%2Fv2%2Fmedia&parent=10"}],"curies":[{"name":"wp","href":"https:\/\/api.w.org\/{rel}","templated":true}]}}